{"id":362,"date":"2022-10-28T02:49:22","date_gmt":"2022-10-28T02:49:22","guid":{"rendered":"https:\/\/www.np-asociados.com\/academy\/?page_id=362"},"modified":"2022-12-10T03:45:51","modified_gmt":"2022-12-10T03:45:51","slug":"npa-academy","status":"publish","type":"page","link":"https:\/\/www.np-asociados.com\/academy\/npa-academy\/","title":{"rendered":"NPA ACADEMY"},"content":{"rendered":"<p>[et_pb_section fb_built=\u00bb1&#8243; _builder_version=\u00bb4.18.1&#8243; _module_preset=\u00bbdefault\u00bb custom_margin=\u00bb-7.5vw||0px||false|false\u00bb custom_padding=\u00bb0px||0px||true|false\u00bb global_colors_info=\u00bb{}\u00bb][et_pb_row use_custom_gutter=\u00bbon\u00bb gutter_width=\u00bb1&#8243; _builder_version=\u00bb4.16.1&#8243; _module_preset=\u00bbdefault\u00bb width=\u00bb100%\u00bb max_width=\u00bb100%\u00bb custom_margin=\u00bb0px||0px||true|false\u00bb custom_padding=\u00bb0px||0px||true|false\u00bb global_colors_info=\u00bb{}\u00bb][et_pb_column type=\u00bb4_4&#8243; _builder_version=\u00bb4.16.1&#8243; _module_preset=\u00bbdefault\u00bb global_colors_info=\u00bb{}\u00bb][et_pb_slider _builder_version=\u00bb4.18.1&#8243; _module_preset=\u00bbdefault\u00bb custom_padding=\u00bb16%||7%||false|false\u00bb global_colors_info=\u00bb{}\u00bb][et_pb_slide heading=\u00bbNP&#038;A Academy\u00bb use_bg_overlay=\u00bbon\u00bb _builder_version=\u00bb4.18.1&#8243; _module_preset=\u00bbdefault\u00bb header_font=\u00bbMontserrat|600|||||||\u00bb header_text_align=\u00bbleft\u00bb header_text_color=\u00bb#E8E8E8&#8243; header_line_height=\u00bb1.5em\u00bb body_font=\u00bbOpen Sans||||||||\u00bb body_text_align=\u00bbleft\u00bb body_text_color=\u00bb#E8E8E8&#8243; background_color=\u00bb#0E3E7D\u00bb background_enable_color=\u00bbon\u00bb background_enable_image=\u00bboff\u00bb background_video_mp4=\u00bbhttps:\/\/www.np-asociados.com\/academy\/wp-content\/uploads\/2022\/10\/Nicolas-Pareja-y-Asociados-Adademy-video-fondo.mp4&#8243; background_enable_video_mp4=\u00bbon\u00bb custom_padding=\u00bb|45%||0px|false|false\u00bb header_text_shadow_style=\u00bbpreset3&#8243; header_text_shadow_color=\u00bbRGBA(255,255,255,0)\u00bb body_text_shadow_style=\u00bbpreset3&#8243; body_text_shadow_color=\u00bbRGBA(255,255,255,0)\u00bb global_colors_info=\u00bb{}\u00bb sticky_transition=\u00bbon\u00bb]<\/p>\n<p>En NP&amp;A aplicamos los principios, habilidades y metodolog\u00edas de los dise\u00f1adores para prevenir y resolver problemas jur\u00eddicos, construyendo documentos y redise\u00f1ando experiencias claras, \u00fatiles y atractivas<\/p>\n<p>&nbsp;<\/p>\n<h3>\u00bfPor qu\u00e9 aprender en NP&amp;A?<\/h3>\n<ul>\n<li>Conoce los conceptos y herramientas necesarias que te ayudar\u00e1n a superar los retos legales en tu Empresa.<\/li>\n<li>Cursos con un lenguaje claro.<\/li>\n<li>Aprende a tu propio ritmo.<\/li>\n<\/ul>\n<p>[\/et_pb_slide][\/et_pb_slider][\/et_pb_column][\/et_pb_row][\/et_pb_section][et_pb_section fb_built=\u00bb1&#8243; _builder_version=\u00bb4.18.1&#8243; _module_preset=\u00bbdefault\u00bb background_color=\u00bb#E8E8E8&#8243; custom_padding=\u00bb19px||23px|||\u00bb global_colors_info=\u00bb{}\u00bb][et_pb_row make_equal=\u00bbon\u00bb _builder_version=\u00bb4.18.1&#8243; _module_preset=\u00bbdefault\u00bb custom_padding=\u00bb||10px|||\u00bb global_colors_info=\u00bb{}\u00bb][et_pb_column type=\u00bb4_4&#8243; _builder_version=\u00bb4.18.1&#8243; _module_preset=\u00bbdefault\u00bb global_colors_info=\u00bb{}\u00bb][et_pb_text _builder_version=\u00bb4.18.1&#8243; _module_preset=\u00bbdefault\u00bb header_2_font=\u00bbMontserrat|600|||||||\u00bb header_2_text_color=\u00bb#0E3E7D\u00bb header_2_font_size=\u00bb35px\u00bb header_2_line_height=\u00bb1.4em\u00bb global_colors_info=\u00bb{}\u00bb]<\/p>\n<h2>Ingresa a nuestros cursos:<\/h2>\n<p>[\/et_pb_text][\/et_pb_column][\/et_pb_row][et_pb_row column_structure=\u00bb3_5,2_5&#8243; make_equal=\u00bbon\u00bb _builder_version=\u00bb4.18.1&#8243; _module_preset=\u00bbdefault\u00bb custom_padding=\u00bb30px|30px|30px|30px|true|true\u00bb border_width_all=\u00bb1px\u00bb border_color_all=\u00bbrgba(14,62,125,0.41)\u00bb global_colors_info=\u00bb{}\u00bb][et_pb_column type=\u00bb3_5&#8243; _builder_version=\u00bb4.18.1&#8243; _module_preset=\u00bbdefault\u00bb global_colors_info=\u00bb{}\u00bb][et_pb_text _builder_version=\u00bb4.18.1&#8243; _module_preset=\u00bbdefault\u00bb header_2_font=\u00bbMontserrat|600|||||||\u00bb header_2_text_color=\u00bb#0E3E7D\u00bb header_2_font_size=\u00bb35px\u00bb header_2_line_height=\u00bb1.4em\u00bb header_3_font=\u00bbMontserrat|600|||||||\u00bb header_3_text_color=\u00bb#0E3E7D\u00bb header_3_font_size=\u00bb30px\u00bb header_4_font=\u00bbMontserrat||||||||\u00bb header_4_text_color=\u00bb#0E3E7D\u00bb header_4_font_size=\u00bb23px\u00bb global_colors_info=\u00bb{}\u00bb]<\/p>\n<h3>CURSO 1<\/h3>\n<h4>Aprender a Emprender: Claves legales para Formalizar tu negocio<\/h4>\n<p>[\/et_pb_text][et_pb_text _builder_version=\u00bb4.18.1&#8243; _module_preset=\u00bbdefault\u00bb text_font=\u00bbMontserrat|300|||||||\u00bb text_text_color=\u00bb#0E3E7D\u00bb text_font_size=\u00bb20px\u00bb global_colors_info=\u00bb{}\u00bb]Aprender\u00e1s: \u00bfC\u00f3mo formalizar tu negocio o Emprendimiento sin constituir una Sociedad \u00bfQu\u00e9 tipo de Sociedad puedes constituir en Colombia? \u00bfC\u00f3mo es el proceso para constituir una Sociedad? Ventajas de Constituir una SAS.[\/et_pb_text][\/et_pb_column][et_pb_column type=\u00bb2_5&#8243; _builder_version=\u00bb4.18.1&#8243; _module_preset=\u00bbdefault\u00bb custom_padding=\u00bb||||false|false\u00bb global_colors_info=\u00bb{}\u00bb][et_pb_video src=\u00bbhttps:\/\/www.youtube.com\/playlist?list=PLrg2XjG-haZkk1C0B4hb4hiXgHkKKA5o3&#8243; _builder_version=\u00bb4.18.1&#8243; _module_preset=\u00bbdefault\u00bb image_src=\u00bb\/\/i.ytimg.com\/vi\/xl8SKpn6Qa4\/hqdefault.jpg\u00bb hover_enabled=\u00bb0&#8243; sticky_enabled=\u00bb0&#8243;][\/et_pb_video][\/et_pb_column][\/et_pb_row][et_pb_row column_structure=\u00bb3_5,2_5&#8243; make_equal=\u00bbon\u00bb _builder_version=\u00bb4.18.1&#8243; _module_preset=\u00bbdefault\u00bb custom_margin=\u00bb35px||35px||true|false\u00bb custom_padding=\u00bb30px|30px|30px|30px|true|true\u00bb border_width_all=\u00bb1px\u00bb border_color_all=\u00bbrgba(14,62,125,0.41)\u00bb global_colors_info=\u00bb{}\u00bb][et_pb_column type=\u00bb3_5&#8243; _builder_version=\u00bb4.18.1&#8243; _module_preset=\u00bbdefault\u00bb global_colors_info=\u00bb{}\u00bb][et_pb_text _builder_version=\u00bb4.18.1&#8243; _module_preset=\u00bbdefault\u00bb header_2_font=\u00bbMontserrat|600|||||||\u00bb header_2_text_color=\u00bb#0E3E7D\u00bb header_2_font_size=\u00bb35px\u00bb header_2_line_height=\u00bb1.4em\u00bb header_3_font=\u00bbMontserrat|600|||||||\u00bb header_3_text_color=\u00bb#0E3E7D\u00bb header_3_font_size=\u00bb30px\u00bb header_4_font=\u00bbMontserrat||||||||\u00bb header_4_text_color=\u00bb#0E3E7D\u00bb header_4_font_size=\u00bb23px\u00bb global_colors_info=\u00bb{}\u00bb]<\/p>\n<h3>CURSO 2<\/h3>\n<h4>\u00bfC\u00f3mo Registrar una Marca?<\/h4>\n<p>[\/et_pb_text][et_pb_text _builder_version=\u00bb4.18.1&#8243; _module_preset=\u00bbdefault\u00bb text_font=\u00bbMontserrat|300|||||||\u00bb text_text_color=\u00bb#0E3E7D\u00bb text_font_size=\u00bb20px\u00bb global_colors_info=\u00bb{}\u00bb]Aprender\u00e1s: \u00bfQu\u00e9 es una Marca?, Tipos de Marcas que puedes registrar. \u00bfQu\u00e9 es la Clasificaci\u00f3n Niza? \u00bfCu\u00e1l es el procedimiento para realizar la solicitud del registro Marcario? \u00bfPor qu\u00e9 la Superintendencia de Industria y Comercio puede negar una Marca?[\/et_pb_text][\/et_pb_column][et_pb_column type=\u00bb2_5&#8243; _builder_version=\u00bb4.18.1&#8243; _module_preset=\u00bbdefault\u00bb custom_padding=\u00bb||||false|false\u00bb global_colors_info=\u00bb{}\u00bb][et_pb_video src=\u00bbhttps:\/\/www.youtube.com\/playlist?list=PLrg2XjG-haZkUzWrrTI8li5ntLyRo0-AL\u00bb _builder_version=\u00bb4.18.1&#8243; _module_preset=\u00bbdefault\u00bb image_src=\u00bb\/\/i.ytimg.com\/vi\/GL4ekHXAj7c\/hqdefault.jpg\u00bb hover_enabled=\u00bb0&#8243; sticky_enabled=\u00bb0&#8243;][\/et_pb_video][\/et_pb_column][\/et_pb_row][et_pb_row column_structure=\u00bb3_5,2_5&#8243; make_equal=\u00bbon\u00bb _builder_version=\u00bb4.18.1&#8243; _module_preset=\u00bbdefault\u00bb custom_margin=\u00bb||50px||false|false\u00bb custom_padding=\u00bb30px|30px|30px|30px|true|true\u00bb border_width_all=\u00bb1px\u00bb border_color_all=\u00bbrgba(14,62,125,0.41)\u00bb global_colors_info=\u00bb{}\u00bb][et_pb_column type=\u00bb3_5&#8243; _builder_version=\u00bb4.18.1&#8243; _module_preset=\u00bbdefault\u00bb global_colors_info=\u00bb{}\u00bb][et_pb_text _builder_version=\u00bb4.18.1&#8243; _module_preset=\u00bbdefault\u00bb header_2_font=\u00bbMontserrat|600|||||||\u00bb header_2_text_color=\u00bb#0E3E7D\u00bb header_2_font_size=\u00bb35px\u00bb header_2_line_height=\u00bb1.4em\u00bb header_3_font=\u00bbMontserrat|600|||||||\u00bb header_3_text_color=\u00bb#0E3E7D\u00bb header_3_font_size=\u00bb30px\u00bb header_4_font=\u00bbMontserrat||||||||\u00bb header_4_text_color=\u00bb#0E3E7D\u00bb header_4_font_size=\u00bb23px\u00bb global_colors_info=\u00bb{}\u00bb]<\/p>\n<h3>CURSO 3<\/h3>\n<h4>Aspectos Legales de las Relaciones Laborales<\/h4>\n<p>[\/et_pb_text][et_pb_text _builder_version=\u00bb4.18.1&#8243; _module_preset=\u00bbdefault\u00bb text_font=\u00bbMontserrat|300|||||||\u00bb text_text_color=\u00bb#0E3E7D\u00bb text_font_size=\u00bb20px\u00bb global_colors_info=\u00bb{}\u00bb]Aprender\u00e1s: Contrato Laboral y sus clasificaciones, Elementos del Contrato Laboral \u00bfQu\u00e9 debemos entender por Contrato realidad? Obligaciones de todo Empleador.[\/et_pb_text][\/et_pb_column][et_pb_column type=\u00bb2_5&#8243; _builder_version=\u00bb4.18.1&#8243; _module_preset=\u00bbdefault\u00bb custom_padding=\u00bb||||false|false\u00bb global_colors_info=\u00bb{}\u00bb][et_pb_video src=\u00bbhttps:\/\/www.youtube.com\/playlist?list=PLrg2XjG-haZltBwYYAGnuaeNh1755KHTY\u00bb _builder_version=\u00bb4.18.1&#8243; _module_preset=\u00bbdefault\u00bb image_src=\u00bb\/\/i.ytimg.com\/vi\/CKn0ac75n6s\/hqdefault.jpg\u00bb hover_enabled=\u00bb0&#8243; sticky_enabled=\u00bb0&#8243;][\/et_pb_video][\/et_pb_column][\/et_pb_row][\/et_pb_section][et_pb_section fb_built=\u00bb1&#8243; _builder_version=\u00bb4.18.1&#8243; _module_preset=\u00bbdefault\u00bb background_color=\u00bb#010101&#8243; custom_margin=\u00bb0px||0px||true|false\u00bb custom_padding=\u00bb0px||0px||true|false\u00bb global_colors_info=\u00bb{}\u00bb][et_pb_row column_structure=\u00bb2_3,1_3&#8243; _builder_version=\u00bb4.18.1&#8243; _module_preset=\u00bbdefault\u00bb custom_margin=\u00bb0px||||false|false\u00bb custom_padding=\u00bb50px||8px||false|false\u00bb global_colors_info=\u00bb{}\u00bb][et_pb_column type=\u00bb2_3&#8243; _builder_version=\u00bb4.18.1&#8243; _module_preset=\u00bbdefault\u00bb global_colors_info=\u00bb{}\u00bb][et_pb_text _builder_version=\u00bb4.18.1&#8243; _module_preset=\u00bbdefault\u00bb header_2_font=\u00bbMontserrat|600|||||||\u00bb header_2_text_color=\u00bb#FFFFFF\u00bb header_2_font_size=\u00bb35px\u00bb header_2_line_height=\u00bb1.4em\u00bb locked=\u00bboff\u00bb global_colors_info=\u00bb{}\u00bb]<\/p>\n<h2>Suscr\u00edbete ya y s\u00e9 el primero en tener acceso a nuestros cursos<\/h2>\n<p>[\/et_pb_text][\/et_pb_column][et_pb_column type=\u00bb1_3&#8243; _builder_version=\u00bb4.18.1&#8243; _module_preset=\u00bbdefault\u00bb global_colors_info=\u00bb{}\u00bb][\/et_pb_column][\/et_pb_row][et_pb_row column_structure=\u00bb2_3,1_3&#8243; _builder_version=\u00bb4.18.1&#8243; _module_preset=\u00bbdefault\u00bb custom_padding=\u00bb9px||50px||false|false\u00bb global_colors_info=\u00bb{}\u00bb][et_pb_column type=\u00bb2_3&#8243; _builder_version=\u00bb4.18.1&#8243; _module_preset=\u00bbdefault\u00bb global_colors_info=\u00bb{}\u00bb][et_pb_code _builder_version=\u00bb4.18.1&#8243; _module_preset=\u00bbdefault\u00bb hover_enabled=\u00bb0&#8243; sticky_enabled=\u00bb0&#8243;]<script charset=\"utf-8\" type=\"text\/javascript\" src=\"\/\/js.hsforms.net\/forms\/embed\/v2.js\"><\/script> <!-- [et_pb_line_break_holder] --><!-- [et_pb_line_break_holder] --><script> <!-- [et_pb_line_break_holder] --><!-- [et_pb_line_break_holder] -->  hbspt.forms.create({ <!-- [et_pb_line_break_holder] --><!-- [et_pb_line_break_holder] -->    region: \"na1\", <!-- [et_pb_line_break_holder] --><!-- [et_pb_line_break_holder] -->    portalId: \"21057154\", <!-- [et_pb_line_break_holder] --><!-- [et_pb_line_break_holder] -->    formId: \"ca42b00e-c195-42d5-9694-121f88137de6\" <!-- [et_pb_line_break_holder] --><!-- [et_pb_line_break_holder] -->  }); <!-- [et_pb_line_break_holder] --><!-- [et_pb_line_break_holder] --><\/script> [\/et_pb_code][et_pb_text _builder_version=\u00bb4.18.1&#8243; _module_preset=\u00bbdefault\u00bb text_font=\u00bbMontserrat|||on|||||\u00bb text_text_color=\u00bb#FFFFFF\u00bb custom_margin=\u00bb||0px||false|false\u00bb custom_padding=\u00bb||0px||false|false\u00bb global_colors_info=\u00bb{}\u00bb]<\/p>\n<p>S\u00edguenos en nuestras redes<\/p>\n<p>[\/et_pb_text][et_pb_social_media_follow icon_color=\u00bb#E8E8E8&#8243; use_icon_font_size=\u00bbon\u00bb icon_font_size=\u00bb25px\u00bb _builder_version=\u00bb4.18.1&#8243; _module_preset=\u00bbdefault\u00bb text_orientation=\u00bbleft\u00bb hover_enabled=\u00bb0&#8243; global_colors_info=\u00bb{}\u00bb sticky_enabled=\u00bb0&#8243;][et_pb_social_media_follow_network social_network=\u00bbinstagram\u00bb _builder_version=\u00bb4.18.1&#8243; _module_preset=\u00bbdefault\u00bb background_color=\u00bbRGBA(255,255,255,0)\u00bb background_enable_color=\u00bbon\u00bb hover_enabled=\u00bb0&#8243; global_colors_info=\u00bb{}\u00bb follow_button=\u00bboff\u00bb url_new_window=\u00bbon\u00bb url=\u00bbhttps:\/\/www.instagram.com\/npasociados_abogados\/?hl=es \u00bb sticky_enabled=\u00bb0&#8243;]instagram[\/et_pb_social_media_follow_network][et_pb_social_media_follow_network social_network=\u00bbfacebook\u00bb _builder_version=\u00bb4.18.1&#8243; _module_preset=\u00bbdefault\u00bb background_color=\u00bbRGBA(255,255,255,0)\u00bb background_enable_color=\u00bbon\u00bb hover_enabled=\u00bb0&#8243; global_colors_info=\u00bb{}\u00bb follow_button=\u00bboff\u00bb url_new_window=\u00bbon\u00bb url=\u00bbhttps:\/\/web.facebook.com\/NicolasParejayAsociados\/?_rdc=1&amp;_rdr \u00bb sticky_enabled=\u00bb0&#8243;]facebook[\/et_pb_social_media_follow_network][et_pb_social_media_follow_network social_network=\u00bbyoutube\u00bb _builder_version=\u00bb4.18.1&#8243; _module_preset=\u00bbdefault\u00bb background_color=\u00bbRGBA(255,255,255,0)\u00bb background_enable_color=\u00bbon\u00bb hover_enabled=\u00bb0&#8243; global_colors_info=\u00bb{}\u00bb follow_button=\u00bboff\u00bb url_new_window=\u00bbon\u00bb url=\u00bbhttps:\/\/www.youtube.com\/channel\/UCAwu2kTng_3RKJ_4arzK4xA \u00bb sticky_enabled=\u00bb0&#8243;]youtube[\/et_pb_social_media_follow_network][et_pb_social_media_follow_network social_network=\u00bblinkedin\u00bb _builder_version=\u00bb4.18.1&#8243; _module_preset=\u00bbdefault\u00bb background_color=\u00bbRGBA(255,255,255,0)\u00bb background_enable_color=\u00bbon\u00bb hover_enabled=\u00bb0&#8243; global_colors_info=\u00bb{}\u00bb follow_button=\u00bboff\u00bb url_new_window=\u00bbon\u00bb url=\u00bbhttps:\/\/www.linkedin.com\/company\/npasociados?originalSubdomain=co\u00bb sticky_enabled=\u00bb0&#8243;]linkedin[\/et_pb_social_media_follow_network][\/et_pb_social_media_follow][\/et_pb_column][et_pb_column type=\u00bb1_3&#8243; _builder_version=\u00bb4.18.1&#8243; _module_preset=\u00bbdefault\u00bb custom_padding=\u00bb17%||||false|false\u00bb global_colors_info=\u00bb{}\u00bb][\/et_pb_column][\/et_pb_row][\/et_pb_section]<\/p>\n","protected":false},"excerpt":{"rendered":"<p>En NP&amp;A aplicamos los principios, habilidades y metodolog\u00edas de los dise\u00f1adores para prevenir y resolver problemas jur\u00eddicos, construyendo documentos y redise\u00f1ando experiencias claras, \u00fatiles y atractivas &nbsp; \u00bfPor qu\u00e9 aprender en NP&amp;A? Conoce los conceptos y herramientas necesarias que te ayudar\u00e1n a superar los retos legales en tu Empresa. Cursos con un lenguaje claro. Aprende [&hellip;]<\/p>\n","protected":false},"author":1,"featured_media":0,"parent":0,"menu_order":0,"comment_status":"closed","ping_status":"closed","template":"","meta":{"_et_pb_use_builder":"on","_et_pb_old_content":"<!-- wp:divi\/placeholder \/-->","_et_gb_content_width":""},"_links":{"self":[{"href":"https:\/\/www.np-asociados.com\/academy\/wp-json\/wp\/v2\/pages\/362"}],"collection":[{"href":"https:\/\/www.np-asociados.com\/academy\/wp-json\/wp\/v2\/pages"}],"about":[{"href":"https:\/\/www.np-asociados.com\/academy\/wp-json\/wp\/v2\/types\/page"}],"author":[{"embeddable":true,"href":"https:\/\/www.np-asociados.com\/academy\/wp-json\/wp\/v2\/users\/1"}],"replies":[{"embeddable":true,"href":"https:\/\/www.np-asociados.com\/academy\/wp-json\/wp\/v2\/comments?post=362"}],"version-history":[{"count":10,"href":"https:\/\/www.np-asociados.com\/academy\/wp-json\/wp\/v2\/pages\/362\/revisions"}],"predecessor-version":[{"id":481,"href":"https:\/\/www.np-asociados.com\/academy\/wp-json\/wp\/v2\/pages\/362\/revisions\/481"}],"wp:attachment":[{"href":"https:\/\/www.np-asociados.com\/academy\/wp-json\/wp\/v2\/media?parent=362"}],"curies":[{"name":"wp","href":"https:\/\/api.w.org\/{rel}","templated":true}]}}